{"id":64,"date":"2018-12-10T10:09:06","date_gmt":"2018-12-10T09:09:06","guid":{"rendered":"https:\/\/urocompas.agenturmcs.com\/?page_id=64"},"modified":"2026-01-15T14:00:44","modified_gmt":"2026-01-15T13:00:44","slug":"about-us","status":"publish","type":"page","link":"https:\/\/urocompass.de\/?page_id=64","title":{"rendered":"\u00dcber uns"},"content":{"rendered":"\t\t<div data-elementor-type=\"wp-post\" data-elementor-id=\"64\" class=\"elementor elementor-64\">\n\t\t\t\t<div class=\"aux-parallax-section elementor-element elementor-element-cad5362 e-flex e-con-boxed e-con e-parent\" data-id=\"cad5362\" data-element_type=\"container\" data-settings=\"{&quot;background_background&quot;:&quot;gradient&quot;}\">\n\t\t\t\t\t<div class=\"e-con-inner\">\n\t\t<div class=\"elementor-element elementor-element-baec5aa e-con-full e-flex e-con e-child\" data-id=\"baec5aa\" data-element_type=\"container\">\n\t\t\t\t<div class=\"elementor-element elementor-element-545c804 elementor-widget elementor-widget-aux_modern_heading\" data-id=\"545c804\" data-element_type=\"widget\" data-widget_type=\"aux_modern_heading.default\">\n\t\t\t\t<div class=\"elementor-widget-container\">\n\t\t\t\t\t<section class=\"aux-widget-modern-heading\">\n            <div class=\"aux-widget-inner\"><h1 class=\"aux-modern-heading-primary\"><\/h1><\/div>\n        <\/section>\t\t\t\t<\/div>\n\t\t\t\t<\/div>\n\t\t\t\t<\/div>\n\t\t\t\t\t<\/div>\n\t\t\t\t<\/div>\n\t\t<div class=\"aux-parallax-section elementor-element elementor-element-49674d3 e-flex e-con-boxed e-con e-parent\" data-id=\"49674d3\" data-element_type=\"container\">\n\t\t\t\t\t<div class=\"e-con-inner\">\n\t\t<div class=\"elementor-element elementor-element-941db6c e-con-full e-flex e-con e-child\" data-id=\"941db6c\" data-element_type=\"container\">\n\t\t\t\t<div class=\"elementor-element elementor-element-4303093 aux-appear-watch-animation aux-scale-up elementor-widget elementor-widget-aux_image\" data-id=\"4303093\" data-element_type=\"widget\" data-widget_type=\"aux_image.default\">\n\t\t\t\t<div class=\"elementor-widget-container\">\n\t\t\t\t\t<section class=\"widget-container aux-widget-image aux-alignnone aux-parent-aub4e35431\">\n    <div class=\"aux-media-hint-frame \">\n        <div class=\"aux-media-image \" >\n        \n            \n\n            \n            <img fetchpriority=\"high\" decoding=\"async\" width=\"1500\" height=\"976\" src=\"https:\/\/urocompass.de\/wp-content\/uploads\/2025\/08\/UC_Gespraech-1-40x26.jpg\" class=\"aux-attachment aux-featured-image aux-attachment-id-1252 aux-preload aux-has-preview\" alt=\"UC_Gespraech\" data-ratio=\"1.54\" data-original-w=\"1500\" data-src=\"https:\/\/urocompass.de\/wp-content\/uploads\/2025\/08\/UC_Gespraech-1.jpg\" \/>            \n                <\/div>\n    <\/div>\n\n<\/section><!-- widget-container -->\t\t\t\t<\/div>\n\t\t\t\t<\/div>\n\t\t\t\t<\/div>\n\t\t<div class=\"elementor-element elementor-element-7f97135 e-con-full e-flex e-con e-child\" data-id=\"7f97135\" data-element_type=\"container\">\n\t\t\t\t<div class=\"elementor-element elementor-element-a7a5b33 aux-appear-watch-animation aux-fade-in-up-1 elementor-widget elementor-widget-aux_modern_heading\" data-id=\"a7a5b33\" data-element_type=\"widget\" data-widget_type=\"aux_modern_heading.default\">\n\t\t\t\t<div class=\"elementor-widget-container\">\n\t\t\t\t\t<section class=\"aux-widget-modern-heading\">\n            <div class=\"aux-widget-inner\"><h2 class=\"aux-modern-heading-primary\">Unsere Mission<\/h2><h3 class=\"aux-modern-heading-secondary\"><span class=\"aux-head-after\">Erwartungen jedes Patienten \u00fcbertreffen<\/span><\/h3><div class=\"aux-modern-heading-divider\"><\/div><div class=\"aux-modern-heading-description\"><p><span style=\"font-weight: 400\">Es ist das erkl\u00e4rte Ziel unseres gesamten Teams, Ihnen oder Ihren Angeh\u00f6rigen eine hervorragende medizinische Versorgung zu bieten, in einer professionellen, einf\u00fchlsamen und freundlichen Atmosph\u00e4re. Unser Zentrum f\u00fcr urologische Onkologie, Palliativmedizin und operative Urologie versorgt Sie in den Standorten Berlin Mahrzahn und Hohensch\u00f6nhausen.<\/span><span style=\"font-weight: 400\"><br \/><\/span><span style=\"font-weight: 400\"><br \/><\/span><span style=\"font-weight: 400\">Ob Sie wegen einer Vorsorgeuntersuchung oder einer komplexeren Therapie vor Ort sind \u2013 unser engagiertes medizinisches Fachpersonal hat die F\u00e4higkeiten und Mittel, um Ihnen in Ihren gesundheitlichen Belangen zur Seite zu stehen.<\/span><\/p><\/div><\/div>\n        <\/section>\t\t\t\t<\/div>\n\t\t\t\t<\/div>\n\t\t\t\t<\/div>\n\t\t\t\t\t<\/div>\n\t\t\t\t<\/div>\n\t\t<div class=\"aux-parallax-section elementor-element elementor-element-94ecee1 e-flex e-con-boxed e-con e-parent\" data-id=\"94ecee1\" data-element_type=\"container\" data-settings=\"{&quot;background_background&quot;:&quot;gradient&quot;}\">\n\t\t\t\t\t<div class=\"e-con-inner\">\n\t\t<div class=\"elementor-element elementor-element-95125f5 e-con-full e-flex e-con e-child\" data-id=\"95125f5\" data-element_type=\"container\">\n\t\t\t\t<div class=\"elementor-element elementor-element-d90498f elementor-widget elementor-widget-html\" data-id=\"d90498f\" data-element_type=\"widget\" data-widget_type=\"html.default\">\n\t\t\t\t<div class=\"elementor-widget-container\">\n\t\t\t\t\t<a id=\"doctor\" style=\"position: relative; top:-140px;\"><\/a>\t\t\t\t<\/div>\n\t\t\t\t<\/div>\n\t\t\t\t<div class=\"elementor-element elementor-element-622d8ec aux-appear-watch-animation aux-fade-in-up elementor-widget elementor-widget-aux_modern_heading\" data-id=\"622d8ec\" data-element_type=\"widget\" data-widget_type=\"aux_modern_heading.default\">\n\t\t\t\t<div class=\"elementor-widget-container\">\n\t\t\t\t\t<section class=\"aux-widget-modern-heading\">\n            <div class=\"aux-widget-inner\"><h2 class=\"aux-modern-heading-primary\">Unser Team<\/h2><div class=\"aux-modern-heading-divider\"><\/div><\/div>\n        <\/section>\t\t\t\t<\/div>\n\t\t\t\t<\/div>\n\t\t<div class=\"elementor-element elementor-element-af7cbeb e-con-full e-grid e-con e-child\" data-id=\"af7cbeb\" data-element_type=\"container\">\n\t\t\t\t<div class=\"elementor-element elementor-element-2b5f535 aux-appear-watch-animation aux-fade-in-up-1 elementor-widget elementor-widget-aux_staff\" data-id=\"2b5f535\" data-element_type=\"widget\" data-widget_type=\"aux_staff.default\">\n\t\t\t\t<div class=\"elementor-widget-container\">\n\t\t\t\t\t<section class=\"aux-wrap-style-simple widget-container aux-widget-staff aux-parent-au8d841c45\">    <div class=\"aux-staff-container aux-staff-pos-top aux-staff-text-center aux-staff-text-dark \" >\n            <div class=\"aux-staff-header aux-staff-img-rect\">\n            <div class=\"aux-media-image\"><img decoding=\"async\" width=\"1500\" height=\"1528\" src=\"image\/gif;base64,R0lGODlhAQABAIAAAAAAAP\/\/\/yH5BAEAAAAALAAAAAABAAEAAAIBRAA7\" class=\" aux-preload aux-blank\" alt=\"UC_StephanieHoch\" data-ratio=\"0.98\" data-original-w=\"1500\" data-src=\"https:\/\/urocompass.de\/wp-content\/uploads\/2025\/08\/UC_StephanieHoch.jpg\" \/><\/div>        <\/div>\n            <div class=\"aux-staff-content\">\n                        <h4 class=\"col-title\">Dr. med. Stephanie Hoch<\/h4>\n                        <h5 class=\"col-subtitle\">Fachgebiet allgemeine Urologie, medikament\u00f6se Tumortherapie, operative Urologie, Palliativmedizin, ASV Teamleitung<\/h5>\n                    <\/div>\n\n    <\/div>\n\n\n<\/section><!-- widget-container -->\t\t\t\t<\/div>\n\t\t\t\t<\/div>\n\t\t\t\t<div class=\"elementor-element elementor-element-000bd10 aux-appear-watch-animation aux-fade-in-up-1 elementor-widget elementor-widget-aux_staff\" data-id=\"000bd10\" data-element_type=\"widget\" data-widget_type=\"aux_staff.default\">\n\t\t\t\t<div class=\"elementor-widget-container\">\n\t\t\t\t\t<section class=\"aux-wrap-style-simple widget-container aux-widget-staff aux-parent-aufa3fab1f\">    <div class=\"aux-staff-container aux-staff-pos-top aux-staff-text-center aux-staff-text-dark \" >\n            <div class=\"aux-staff-header aux-staff-img-rect\">\n            <div class=\"aux-media-image\"><img decoding=\"async\" width=\"1500\" height=\"1528\" src=\"image\/gif;base64,R0lGODlhAQABAIAAAAAAAP\/\/\/yH5BAEAAAAALAAAAAABAAEAAAIBRAA7\" class=\" aux-preload aux-blank\" alt=\"UC_AndreasHa\u00dfler\" data-ratio=\"0.98\" data-original-w=\"1500\" data-src=\"https:\/\/urocompass.de\/wp-content\/uploads\/2025\/09\/UC_AndreasHassler.jpg\" \/><\/div>        <\/div>\n            <div class=\"aux-staff-content\">\n                        <h4 class=\"col-title\">Dr. med. Andreas Ha\u00dfler<\/h4>\n                        <h5 class=\"col-subtitle\">Fachgebiet allgemeine Urologie, medikament\u00f6se Tumortherapie, operative Urologie, ASV-Teamleitung<\/h5>\n                    <\/div>\n\n    <\/div>\n\n\n<\/section><!-- widget-container -->\t\t\t\t<\/div>\n\t\t\t\t<\/div>\n\t\t\t\t<div class=\"elementor-element elementor-element-0933449 aux-appear-watch-animation aux-fade-in-up-1 elementor-widget elementor-widget-aux_staff\" data-id=\"0933449\" data-element_type=\"widget\" data-widget_type=\"aux_staff.default\">\n\t\t\t\t<div class=\"elementor-widget-container\">\n\t\t\t\t\t<section class=\"aux-wrap-style-simple widget-container aux-widget-staff aux-parent-aub3dbb6d9\">    <div class=\"aux-staff-container aux-staff-pos-top aux-staff-text-center aux-staff-text-dark \" >\n            <div class=\"aux-staff-header aux-staff-img-rect\">\n            <div class=\"aux-media-image\"><img loading=\"lazy\" decoding=\"async\" width=\"1500\" height=\"1528\" src=\"image\/gif;base64,R0lGODlhAQABAIAAAAAAAP\/\/\/yH5BAEAAAAALAAAAAABAAEAAAIBRAA7\" class=\" aux-preload aux-blank\" alt=\"UC_Steffen-Bauch\" data-ratio=\"0.98\" data-original-w=\"1500\" data-src=\"https:\/\/urocompass.de\/wp-content\/uploads\/2025\/08\/UC_Steffen-Bauch.jpg\" \/><\/div>        <\/div>\n            <div class=\"aux-staff-content\">\n                        <h4 class=\"col-title\">Dr. med. Steffen Bauch<\/h4>\n                        <h5 class=\"col-subtitle\">Fachgebiet allgemeine Urologie, medikament\u00f6se Tumortherapie, operative Urologie, ASV-Team<\/h5>\n                    <\/div>\n\n    <\/div>\n\n\n<\/section><!-- widget-container -->\t\t\t\t<\/div>\n\t\t\t\t<\/div>\n\t\t\t\t<div class=\"elementor-element elementor-element-7990092 aux-appear-watch-animation aux-fade-in-up-1 elementor-widget elementor-widget-aux_staff\" data-id=\"7990092\" data-element_type=\"widget\" data-widget_type=\"aux_staff.default\">\n\t\t\t\t<div class=\"elementor-widget-container\">\n\t\t\t\t\t<section class=\"aux-wrap-style-simple widget-container aux-widget-staff aux-parent-au2729c488\">    <div class=\"aux-staff-container aux-staff-pos-top aux-staff-text-center aux-staff-text-dark \" >\n            <div class=\"aux-staff-header aux-staff-img-rect\">\n            <div class=\"aux-media-image\"><img loading=\"lazy\" decoding=\"async\" width=\"1500\" height=\"1528\" src=\"image\/gif;base64,R0lGODlhAQABAIAAAAAAAP\/\/\/yH5BAEAAAAALAAAAAABAAEAAAIBRAA7\" class=\" aux-preload aux-blank\" alt=\"UC_JanKirstein\" data-ratio=\"0.98\" data-original-w=\"1500\" data-src=\"https:\/\/urocompass.de\/wp-content\/uploads\/2025\/08\/UC_JanKirstein.jpg\" \/><\/div>        <\/div>\n            <div class=\"aux-staff-content\">\n                        <h4 class=\"col-title\">Kai Kuhnt<\/h4>\n                        <h5 class=\"col-subtitle\">Fachgebiet allgemeine Urologie, medikament\u00f6se Tumortherapie, operative Urologie<\/h5>\n                    <\/div>\n\n    <\/div>\n\n\n<\/section><!-- widget-container -->\t\t\t\t<\/div>\n\t\t\t\t<\/div>\n\t\t\t\t<div class=\"elementor-element elementor-element-448a257 aux-appear-watch-animation aux-fade-in-up-1 elementor-widget elementor-widget-aux_staff\" data-id=\"448a257\" data-element_type=\"widget\" data-widget_type=\"aux_staff.default\">\n\t\t\t\t<div class=\"elementor-widget-container\">\n\t\t\t\t\t<section class=\"aux-wrap-style-simple widget-container aux-widget-staff aux-parent-au1a918d9f\">    <div class=\"aux-staff-container aux-staff-pos-top aux-staff-text-center aux-staff-text-dark \" >\n            <div class=\"aux-staff-header aux-staff-img-rect\">\n            <div class=\"aux-media-image\"><img loading=\"lazy\" decoding=\"async\" width=\"1500\" height=\"1528\" src=\"image\/gif;base64,R0lGODlhAQABAIAAAAAAAP\/\/\/yH5BAEAAAAALAAAAAABAAEAAAIBRAA7\" class=\" aux-preload aux-blank\" alt=\"UC_DianaMoldovan\" data-ratio=\"0.98\" data-original-w=\"1500\" data-src=\"https:\/\/urocompass.de\/wp-content\/uploads\/2025\/09\/UC_DianaMoldovan.jpg\" \/><\/div>        <\/div>\n            <div class=\"aux-staff-content\">\n                        <h4 class=\"col-title\">Diana Moldovan<\/h4>\n                        <h5 class=\"col-subtitle\">Fachgebiet allgemeine Urologie, medikament\u00f6se Tumortherapie, operative Urologie<\/h5>\n                    <\/div>\n\n    <\/div>\n\n\n<\/section><!-- widget-container -->\t\t\t\t<\/div>\n\t\t\t\t<\/div>\n\t\t\t\t<div class=\"elementor-element elementor-element-33699e3 aux-appear-watch-animation aux-fade-in-up-1 elementor-widget elementor-widget-aux_staff\" data-id=\"33699e3\" data-element_type=\"widget\" data-widget_type=\"aux_staff.default\">\n\t\t\t\t<div class=\"elementor-widget-container\">\n\t\t\t\t\t<section class=\"aux-wrap-style-simple widget-container aux-widget-staff aux-parent-au741ac5a7\">    <div class=\"aux-staff-container aux-staff-pos-top aux-staff-text-center aux-staff-text-dark \" >\n            <div class=\"aux-staff-header aux-staff-img-rect\">\n            <div class=\"aux-media-image\"><img loading=\"lazy\" decoding=\"async\" width=\"1500\" height=\"1528\" src=\"https:\/\/urocompass.de\/wp-content\/uploads\/2025\/11\/portrait-placeholder-40x41.jpg\" class=\" aux-preload aux-has-preview\" alt=\"portrait-placeholder\" data-ratio=\"0.98\" data-original-w=\"1500\" data-src=\"https:\/\/urocompass.de\/wp-content\/uploads\/2025\/11\/portrait-placeholder.jpg\" \/><\/div>        <\/div>\n            <div class=\"aux-staff-content\">\n                        <h4 class=\"col-title\">Christof Gerson<\/h4>\n                        <h5 class=\"col-subtitle\">Fachgebiet allgemeine Urologie<\/h5>\n                    <\/div>\n\n    <\/div>\n\n\n<\/section><!-- widget-container -->\t\t\t\t<\/div>\n\t\t\t\t<\/div>\n\t\t\t\t<div class=\"elementor-element elementor-element-c16cc9d aux-appear-watch-animation aux-fade-in-up-1 elementor-widget elementor-widget-aux_staff\" data-id=\"c16cc9d\" data-element_type=\"widget\" data-widget_type=\"aux_staff.default\">\n\t\t\t\t<div class=\"elementor-widget-container\">\n\t\t\t\t\t<section class=\"aux-wrap-style-simple widget-container aux-widget-staff aux-parent-au0724a55d\">    <div class=\"aux-staff-container aux-staff-pos-top aux-staff-text-center aux-staff-text-dark \" >\n            <div class=\"aux-staff-header aux-staff-img-rect\">\n            <div class=\"aux-media-image\"><img loading=\"lazy\" decoding=\"async\" width=\"1500\" height=\"1528\" src=\"image\/gif;base64,R0lGODlhAQABAIAAAAAAAP\/\/\/yH5BAEAAAAALAAAAAABAAEAAAIBRAA7\" class=\" aux-preload aux-blank\" alt=\"UC_SusannBeutler\" data-ratio=\"0.98\" data-original-w=\"1500\" data-src=\"https:\/\/urocompass.de\/wp-content\/uploads\/2025\/08\/UC_SusannBeutler.jpg\" \/><\/div>        <\/div>\n            <div class=\"aux-staff-content\">\n                        <h4 class=\"col-title\">Leonie Ratz<\/h4>\n                        <h5 class=\"col-subtitle\">\u00c4rztin in Weiterbildung<\/h5>\n                    <\/div>\n\n    <\/div>\n\n\n<\/section><!-- widget-container -->\t\t\t\t<\/div>\n\t\t\t\t<\/div>\n\t\t\t\t<\/div>\n\t\t\t\t<\/div>\n\t\t\t\t\t<\/div>\n\t\t\t\t<\/div>\n\t\t\t\t<\/div>\n\t\t","protected":false},"excerpt":{"rendered":"<p>Unsere Mission Erwartungen jedes Patienten \u00fcbertreffen Es ist das erkl\u00e4rte Ziel unseres gesamten Teams, Ihnen oder Ihren Angeh\u00f6rigen eine hervorragende medizinische Versorgung zu bieten, in einer professionellen, einf\u00fchlsamen und freundlichen Atmosph\u00e4re. Unser Zentrum f\u00fcr urologische Onkologie, Palliativmedizin und operative Urologie versorgt Sie in den Standorten Berlin Mahrzahn und Hohensch\u00f6nhausen. Ob Sie wegen einer Vorsorgeuntersuchung oder [&hellip;]<\/p>\n","protected":false},"author":1,"featured_media":0,"parent":0,"menu_order":0,"comment_status":"closed","ping_status":"closed","template":"templates\/page-builder-content.php","meta":{"footnotes":""},"class_list":["post-64","page","type-page","status-publish","hentry"],"_links":{"self":[{"href":"https:\/\/urocompass.de\/index.php?rest_route=\/wp\/v2\/pages\/64","targetHints":{"allow":["GET"]}}],"collection":[{"href":"https:\/\/urocompass.de\/index.php?rest_route=\/wp\/v2\/pages"}],"about":[{"href":"https:\/\/urocompass.de\/index.php?rest_route=\/wp\/v2\/types\/page"}],"author":[{"embeddable":true,"href":"https:\/\/urocompass.de\/index.php?rest_route=\/wp\/v2\/users\/1"}],"replies":[{"embeddable":true,"href":"https:\/\/urocompass.de\/index.php?rest_route=%2Fwp%2Fv2%2Fcomments&post=64"}],"version-history":[{"count":96,"href":"https:\/\/urocompass.de\/index.php?rest_route=\/wp\/v2\/pages\/64\/revisions"}],"predecessor-version":[{"id":1565,"href":"https:\/\/urocompass.de\/index.php?rest_route=\/wp\/v2\/pages\/64\/revisions\/1565"}],"wp:attachment":[{"href":"https:\/\/urocompass.de\/index.php?rest_route=%2Fwp%2Fv2%2Fmedia&parent=64"}],"curies":[{"name":"wp","href":"https:\/\/api.w.org\/{rel}","templated":true}]}}