{"id":635,"date":"2025-04-01T11:38:14","date_gmt":"2025-04-01T09:38:14","guid":{"rendered":"https:\/\/urocompas.agenturmcs.com\/?page_id=635"},"modified":"2025-11-06T10:45:46","modified_gmt":"2025-11-06T09:45:46","slug":"privatpatient","status":"publish","type":"page","link":"https:\/\/urocompass.de\/?page_id=635","title":{"rendered":"Privatpatient"},"content":{"rendered":"\t\t<div data-elementor-type=\"wp-page\" data-elementor-id=\"635\" class=\"elementor elementor-635\">\n\t\t\t\t<div class=\"aux-parallax-section elementor-element elementor-element-acd21ae e-flex e-con-boxed e-con e-parent\" data-id=\"acd21ae\" data-element_type=\"container\" data-settings=\"{&quot;background_background&quot;:&quot;gradient&quot;}\">\n\t\t\t\t\t<div class=\"e-con-inner\">\n\t\t<div class=\"elementor-element elementor-element-83f9909 e-flex e-con-boxed e-con e-child\" data-id=\"83f9909\" data-element_type=\"container\">\n\t\t\t\t\t<div class=\"e-con-inner\">\n\t\t\t\t<div class=\"elementor-element elementor-element-d54d49f elementor-widget elementor-widget-aux_modern_heading\" data-id=\"d54d49f\" data-element_type=\"widget\" data-widget_type=\"aux_modern_heading.default\">\n\t\t\t\t<div class=\"elementor-widget-container\">\n\t\t\t\t\t<section class=\"aux-widget-modern-heading\">\n            <div class=\"aux-widget-inner\"><h1 class=\"aux-modern-heading-primary\">Ihre Urologie f\u00fcr Privat&shy;patienten in Berlin <\/h1><h3 class=\"aux-modern-heading-secondary\"><span class=\"aux-head-before\"> Individuelle &amp; erstklassige Betreuung<\/span><\/h3><\/div>\n        <\/section>\t\t\t\t<\/div>\n\t\t\t\t<\/div>\n\t\t\t\t\t<\/div>\n\t\t\t\t<\/div>\n\t\t\t\t\t<\/div>\n\t\t\t\t<\/div>\n\t\t<div class=\"aux-parallax-section elementor-element elementor-element-a6cd9e8 e-flex e-con-boxed e-con e-parent\" data-id=\"a6cd9e8\" data-element_type=\"container\">\n\t\t\t\t\t<div class=\"e-con-inner\">\n\t\t<div class=\"elementor-element elementor-element-16901b1 e-con-full e-flex e-con e-child\" data-id=\"16901b1\" data-element_type=\"container\">\n\t\t\t\t<div class=\"elementor-element elementor-element-d86ebba aux-appear-watch-animation aux-fade-in-up-1 elementor-widget elementor-widget-aux_modern_heading\" data-id=\"d86ebba\" data-element_type=\"widget\" data-widget_type=\"aux_modern_heading.default\">\n\t\t\t\t<div class=\"elementor-widget-container\">\n\t\t\t\t\t<section class=\"aux-widget-modern-heading\">\n            <div class=\"aux-widget-inner\"><h3 class=\"aux-modern-heading-primary\"><\/h3><div class=\"aux-modern-heading-description\"><p><span style=\"font-weight: 400\">Bei UroCompass erhalten Sie eine professionelle, empathische und individuelle Behandlung \u2013 ohne lange Wartezeiten, direkt und pers\u00f6nlich.<\/span><\/p><\/div><\/div>\n        <\/section>\t\t\t\t<\/div>\n\t\t\t\t<\/div>\n\t\t\t\t<\/div>\n\t\t\t\t\t<\/div>\n\t\t\t\t<\/div>\n\t\t<div class=\"aux-parallax-section elementor-element elementor-element-433f404 e-flex e-con-boxed e-con e-parent\" data-id=\"433f404\" data-element_type=\"container\">\n\t\t\t\t\t<div class=\"e-con-inner\">\n\t\t<div class=\"elementor-element elementor-element-9e39709 e-con-full e-flex e-con e-child\" data-id=\"9e39709\" data-element_type=\"container\">\n\t\t\t\t<div class=\"elementor-element elementor-element-f91f544 aux-appear-watch-animation aux-fade-in-up-1 elementor-widget elementor-widget-aux_modern_heading\" data-id=\"f91f544\" data-element_type=\"widget\" data-widget_type=\"aux_modern_heading.default\">\n\t\t\t\t<div class=\"elementor-widget-container\">\n\t\t\t\t\t<section class=\"aux-widget-modern-heading\">\n            <div class=\"aux-widget-inner\"><h3 class=\"aux-modern-heading-primary\">Urologische Privatsprechstunde in Berlin<\/h3><h1 class=\"aux-modern-heading-secondary\"><span class=\"aux-head-before\">Kompetente Betreuung bei UroCompass<\/span><\/h1><div class=\"aux-modern-heading-divider\"><\/div><div class=\"aux-modern-heading-description\"><p><span style=\"font-weight: 400\">Als Privatpatient profitieren Sie von einer erstklassigen, individuell abgestimmten medizinischen Versorgung ohne lange Wartezeiten. In unserer <\/span><b>urologischen Privatsprechstunde bei UroCompass Berlin<\/b><span style=\"font-weight: 400\"> nehmen wir uns ausreichend Zeit f\u00fcr Ihre gesundheitlichen Anliegen. Ob Vorsorge, Diagnostik oder spezialisierte Behandlungen \u2013 unser erfahrenes Team steht Ihnen mit modernster Medizin und pers\u00f6nlicher Betreuung zur Seite.<\/span><\/p><\/div><\/div>\n        <\/section>\t\t\t\t<\/div>\n\t\t\t\t<\/div>\n\t\t\t\t<\/div>\n\t\t\t\t\t<\/div>\n\t\t\t\t<\/div>\n\t\t<div class=\"aux-parallax-section elementor-element elementor-element-22ced6a e-flex e-con-boxed e-con e-parent\" data-id=\"22ced6a\" data-element_type=\"container\">\n\t\t\t\t\t<div class=\"e-con-inner\">\n\t\t<div class=\"elementor-element elementor-element-6fe815d e-con-full e-flex e-con e-child\" data-id=\"6fe815d\" data-element_type=\"container\">\n\t\t\t\t<div class=\"elementor-element elementor-element-85a0c59 aux-appear-watch-animation aux-fade-in-up-1 elementor-widget elementor-widget-aux_modern_heading\" data-id=\"85a0c59\" data-element_type=\"widget\" data-widget_type=\"aux_modern_heading.default\">\n\t\t\t\t<div class=\"elementor-widget-container\">\n\t\t\t\t\t<section class=\"aux-widget-modern-heading\">\n            <div class=\"aux-widget-inner\"><h3 class=\"aux-modern-heading-primary\">Kann man als Privatpatient ohne \u00dcberweisung zum Urologen?<\/h3><div class=\"aux-modern-heading-divider\"><\/div><div class=\"aux-modern-heading-description\"><p><span style=\"font-weight: 400\">Ja, Sie k\u00f6nnen jederzeit einen Termin bei uns vereinbaren \u2013 ein Rezept oder eine vorherige \u00dcberweisung ist nicht erforderlich. Privatpatienten haben den Vorteil, direkt und unkompliziert eine fach\u00e4rztliche Beratung in Anspruch nehmen zu k\u00f6nnen. Dies erm\u00f6glicht eine schnelle Diagnosestellung und gegebenenfalls sofortige Behandlungsma\u00dfnahmen.<\/span><\/p><\/div><\/div>\n        <\/section>\t\t\t\t<\/div>\n\t\t\t\t<\/div>\n\t\t\t\t<\/div>\n\t\t\t\t\t<\/div>\n\t\t\t\t<\/div>\n\t\t<div class=\"aux-parallax-section elementor-element elementor-element-103cb02 e-flex e-con-boxed e-con e-parent\" data-id=\"103cb02\" data-element_type=\"container\">\n\t\t\t\t\t<div class=\"e-con-inner\">\n\t\t<div class=\"elementor-element elementor-element-783da62 e-con-full e-flex e-con e-child\" data-id=\"783da62\" data-element_type=\"container\">\n\t\t\t\t<div class=\"elementor-element elementor-element-f382f13 aux-appear-watch-animation aux-fade-in-up-1 elementor-widget elementor-widget-aux_modern_heading\" data-id=\"f382f13\" data-element_type=\"widget\" data-widget_type=\"aux_modern_heading.default\">\n\t\t\t\t<div class=\"elementor-widget-container\">\n\t\t\t\t\t<section class=\"aux-widget-modern-heading\">\n            <div class=\"aux-widget-inner\"><h3 class=\"aux-modern-heading-primary\">Warum UroCompass?<\/h3><div class=\"aux-modern-heading-divider\"><\/div><div class=\"aux-modern-heading-description\"><p>Vereinbaren Sie jetzt Ihren Termin in unserer Privatsprechstunde und erleben Sie eine erstklassige medizinische Betreuung.<\/p><\/div><\/div>\n        <\/section>\t\t\t\t<\/div>\n\t\t\t\t<\/div>\n\t\t\t\t<\/div>\n\t\t<div class=\"elementor-element elementor-element-0906b4c aux-appear-watch-animation aux-fade-in-up e-flex e-con-boxed e-con e-child\" data-id=\"0906b4c\" data-element_type=\"container\" data-settings=\"{&quot;background_background&quot;:&quot;classic&quot;}\">\n\t\t\t\t\t<div class=\"e-con-inner\">\n\t\t\t\t<div class=\"elementor-element elementor-element-650a71e aux-shpe-type-rectangle elementor-widget__width-inherit elementor-widget elementor-widget-aux_simple_shape\" data-id=\"650a71e\" data-element_type=\"widget\" data-widget_type=\"aux_simple_shape.default\">\n\t\t\t\t<div class=\"elementor-widget-container\">\n\t\t\t\t\t    <div class=\"aux-widget-container aux-simple-shape-container\">\n        <div class=\"aux-widget-container-inner\">\n            <div class=\"aux-the-shape\"><\/div>\n        <\/div>\n    <\/div>\n    \t\t\t\t<\/div>\n\t\t\t\t<\/div>\n\t\t<div class=\"elementor-element elementor-element-bcbac7a e-con-full e-flex e-con e-child\" data-id=\"bcbac7a\" data-element_type=\"container\">\n\t\t<div class=\"elementor-element elementor-element-7c7a254 e-con-full e-flex e-con e-child\" data-id=\"7c7a254\" data-element_type=\"container\">\n\t\t\t\t<div class=\"elementor-element elementor-element-d961a83 aux-appear-watch-animation aux-fade-in-left-1 elementor-widget elementor-widget-aux_text\" data-id=\"d961a83\" data-element_type=\"widget\" data-widget_type=\"aux_text.default\">\n\t\t\t\t<div class=\"elementor-widget-container\">\n\t\t\t\t\t<section class=\"widget-container aux-widget-text aux-parent-au72a7aae0\">        <div class=\"aux-widget-advanced-text aux-wrap-style-simple aux-ico-pos-top aux-text-center aux-text-resp- aux-text-color-dark aux-text-widget-bg-center  \" >\n        \n                            <div class=\"aux-text-widget-header \"  >\n                        <div class=\"aux-ico-box aux-ico-large aux-img-box aux-ico-shape-rect aux-ico-clear \">\n                                                                <img decoding=\"async\" src=\"https:\/\/urocompass.de\/wp-content\/uploads\/2025\/03\/icon_urology.svg\" class=\"attachment-full size-full\" alt=\"\" \/>                                                    <\/div>\n                <\/div>\n            \n            <div class=\"aux-text-inner aux-text-widget-content\">\n                                <h4 class=\"col-title\">Individuelle Betreuung<\/h4>\n                                <div class=\"widget-content\">\n                                        <p><span style=\"font-weight: 400\">Wir nehmen uns Zeit f\u00fcr Sie und gehen auf Ihre pers\u00f6nlichen Bed\u00fcrfnisse ein.<\/span><\/p>                <\/div>\n                            <\/div>\n        <\/div>\n                    <div class=\"aux-text-widget-footer\">\n                <div class=\"aux-border-shape-none \">\n                                <\/div>\n            <\/div>\n        \n<\/section><!-- widget-container -->\t\t\t\t<\/div>\n\t\t\t\t<\/div>\n\t\t\t\t<\/div>\n\t\t<div class=\"elementor-element elementor-element-02288f4 e-con-full e-flex e-con e-child\" data-id=\"02288f4\" data-element_type=\"container\">\n\t\t\t\t<div class=\"elementor-element elementor-element-77acd75 aux-appear-watch-animation aux-fade-in-left-1 elementor-widget elementor-widget-aux_text\" data-id=\"77acd75\" data-element_type=\"widget\" data-widget_type=\"aux_text.default\">\n\t\t\t\t<div class=\"elementor-widget-container\">\n\t\t\t\t\t<section class=\"widget-container aux-widget-text aux-parent-au7e5e965e\">        <div class=\"aux-widget-advanced-text aux-wrap-style-simple aux-ico-pos-top aux-text-center aux-text-resp- aux-text-color-dark aux-text-widget-bg-center  \" >\n        \n                            <div class=\"aux-text-widget-header \"  >\n                        <div class=\"aux-ico-box aux-ico-large aux-img-box aux-ico-shape-rect aux-ico-clear \">\n                                                                <img decoding=\"async\" src=\"https:\/\/urocompass.de\/wp-content\/uploads\/2025\/03\/icon_operation.svg\" class=\"attachment-full size-full\" alt=\"\" \/>                                                    <\/div>\n                <\/div>\n            \n            <div class=\"aux-text-inner aux-text-widget-content\">\n                                <h4 class=\"col-title\">Modernste Diagnostik:<\/h4>\n                                <div class=\"widget-content\">\n                                        <p><span style=\"font-weight: 400\">Hochmoderne Verfahren f\u00fcr eine pr\u00e4zise Diagnose und Behandlung.<\/span><\/p>                <\/div>\n                            <\/div>\n        <\/div>\n                    <div class=\"aux-text-widget-footer\">\n                <div class=\"aux-border-shape-none \">\n                                <\/div>\n            <\/div>\n        \n<\/section><!-- widget-container -->\t\t\t\t<\/div>\n\t\t\t\t<\/div>\n\t\t\t\t<\/div>\n\t\t<div class=\"elementor-element elementor-element-ec39473 e-con-full e-flex e-con e-child\" data-id=\"ec39473\" data-element_type=\"container\">\n\t\t\t\t<div class=\"elementor-element elementor-element-72d1abd aux-appear-watch-animation aux-fade-in-left-1 elementor-widget elementor-widget-aux_text\" data-id=\"72d1abd\" data-element_type=\"widget\" data-widget_type=\"aux_text.default\">\n\t\t\t\t<div class=\"elementor-widget-container\">\n\t\t\t\t\t<section class=\"widget-container aux-widget-text aux-parent-au0959bf10\">        <div class=\"aux-widget-advanced-text aux-wrap-style-simple aux-ico-pos-top aux-text-center aux-text-resp- aux-text-color-dark aux-text-widget-bg-center  \" >\n        \n                            <div class=\"aux-text-widget-header \"  >\n                        <div class=\"aux-ico-box aux-ico-large aux-img-box aux-ico-shape-rect aux-ico-clear \">\n                                                                <img decoding=\"async\" src=\"https:\/\/urocompass.de\/wp-content\/uploads\/2025\/03\/icon_palliativ.svg\" class=\"attachment-full size-full\" alt=\"\" \/>                                                    <\/div>\n                <\/div>\n            \n            <div class=\"aux-text-inner aux-text-widget-content\">\n                                <h4 class=\"col-title\">Direkte Terminvergabe<\/h4>\n                                <div class=\"widget-content\">\n                                        <p><span style=\"font-weight: 400\">Keine langen Wartezeiten \u2013 schnelle und unkomplizierte Terminvergabe.<\/span><\/p>                <\/div>\n                            <\/div>\n        <\/div>\n                    <div class=\"aux-text-widget-footer\">\n                <div class=\"aux-border-shape-none \">\n                                <\/div>\n            <\/div>\n        \n<\/section><!-- widget-container -->\t\t\t\t<\/div>\n\t\t\t\t<\/div>\n\t\t\t\t<\/div>\n\t\t<div class=\"elementor-element elementor-element-1cc0e70 e-con-full e-flex e-con e-child\" data-id=\"1cc0e70\" data-element_type=\"container\">\n\t\t\t\t<div class=\"elementor-element elementor-element-ba07e3a aux-appear-watch-animation aux-fade-in-left-1 elementor-widget elementor-widget-aux_text\" data-id=\"ba07e3a\" data-element_type=\"widget\" data-widget_type=\"aux_text.default\">\n\t\t\t\t<div class=\"elementor-widget-container\">\n\t\t\t\t\t<section class=\"widget-container aux-widget-text aux-parent-auce2f4430\">        <div class=\"aux-widget-advanced-text aux-wrap-style-simple aux-ico-pos-top aux-text-center aux-text-resp- aux-text-color-dark aux-text-widget-bg-center  \" >\n        \n                            <div class=\"aux-text-widget-header \"  >\n                        <div class=\"aux-ico-box aux-ico-large aux-img-box aux-ico-shape-rect aux-ico-clear \">\n                                                                <img decoding=\"async\" src=\"https:\/\/urocompass.de\/wp-content\/uploads\/2025\/03\/icon_urology.svg\" class=\"attachment-full size-full\" alt=\"\" \/>                                                    <\/div>\n                <\/div>\n            \n            <div class=\"aux-text-inner aux-text-widget-content\">\n                                <h4 class=\"col-title\">Ganzheitliche Versorgung<\/h4>\n                                <div class=\"widget-content\">\n                                        <p><span style=\"font-weight: 400\">Von der Vorsorge bis zur spezialisierten Therapie \u2013 alles aus einer Hand.<\/span><\/p>                <\/div>\n                            <\/div>\n        <\/div>\n                    <div class=\"aux-text-widget-footer\">\n                <div class=\"aux-border-shape-none \">\n                                <\/div>\n            <\/div>\n        \n<\/section><!-- widget-container -->\t\t\t\t<\/div>\n\t\t\t\t<\/div>\n\t\t\t\t<\/div>\n\t\t<div class=\"elementor-element elementor-element-3807cf3 e-con-full e-flex e-con e-child\" data-id=\"3807cf3\" data-element_type=\"container\">\n\t\t\t\t<div class=\"elementor-element elementor-element-99a5323 aux-appear-watch-animation aux-fade-in-left-1 elementor-widget elementor-widget-aux_text\" data-id=\"99a5323\" data-element_type=\"widget\" data-widget_type=\"aux_text.default\">\n\t\t\t\t<div class=\"elementor-widget-container\">\n\t\t\t\t\t<section class=\"widget-container aux-widget-text aux-parent-aub6626b13\">        <div class=\"aux-widget-advanced-text aux-wrap-style-simple aux-ico-pos-top aux-text-center aux-text-resp- aux-text-color-dark aux-text-widget-bg-center  \" >\n        \n                            <div class=\"aux-text-widget-header \"  >\n                        <div class=\"aux-ico-box aux-ico-large aux-img-box aux-ico-shape-rect aux-ico-clear \">\n                                                                <img decoding=\"async\" src=\"https:\/\/urocompass.de\/wp-content\/uploads\/2025\/03\/icon_palliativ.svg\" class=\"attachment-full size-full\" alt=\"\" \/>                                                    <\/div>\n                <\/div>\n            \n            <div class=\"aux-text-inner aux-text-widget-content\">\n                                <h4 class=\"col-title\">Forschung &amp; Innovation<\/h4>\n                                <div class=\"widget-content\">\n                                        <p><span style=\"font-weight: 400\">Zusammenarbeit mit renommierten Studienzentren f\u00fcr bestm\u00f6gliche Behandlungsoptionen.<\/span><\/p>                <\/div>\n                            <\/div>\n        <\/div>\n                    <div class=\"aux-text-widget-footer\">\n                <div class=\"aux-border-shape-none \">\n                                <\/div>\n            <\/div>\n        \n<\/section><!-- widget-container -->\t\t\t\t<\/div>\n\t\t\t\t<\/div>\n\t\t\t\t<\/div>\n\t\t\t\t<\/div>\n\t\t\t\t\t<\/div>\n\t\t\t\t<\/div>\n\t\t\t\t\t<\/div>\n\t\t\t\t<\/div>\n\t\t\t\t<\/div>\n\t\t","protected":false},"excerpt":{"rendered":"<p>Ihre Urologie f\u00fcr Privat&shy;patienten in Berlin Individuelle &amp; erstklassige Betreuung Bei UroCompass erhalten Sie eine professionelle, empathische und individuelle Behandlung \u2013 ohne lange Wartezeiten, direkt und pers\u00f6nlich. Urologische Privatsprechstunde in Berlin Kompetente Betreuung bei UroCompass Als Privatpatient profitieren Sie von einer erstklassigen, individuell abgestimmten medizinischen Versorgung ohne lange Wartezeiten. In unserer urologischen Privatsprechstunde bei UroCompass [&hellip;]<\/p>\n","protected":false},"author":2,"featured_media":0,"parent":0,"menu_order":0,"comment_status":"closed","ping_status":"closed","template":"templates\/page-builder-content.php","meta":{"footnotes":""},"class_list":["post-635","page","type-page","status-publish","hentry"],"_links":{"self":[{"href":"https:\/\/urocompass.de\/index.php?rest_route=\/wp\/v2\/pages\/635","targetHints":{"allow":["GET"]}}],"collection":[{"href":"https:\/\/urocompass.de\/index.php?rest_route=\/wp\/v2\/pages"}],"about":[{"href":"https:\/\/urocompass.de\/index.php?rest_route=\/wp\/v2\/types\/page"}],"author":[{"embeddable":true,"href":"https:\/\/urocompass.de\/index.php?rest_route=\/wp\/v2\/users\/2"}],"replies":[{"embeddable":true,"href":"https:\/\/urocompass.de\/index.php?rest_route=%2Fwp%2Fv2%2Fcomments&post=635"}],"version-history":[{"count":34,"href":"https:\/\/urocompass.de\/index.php?rest_route=\/wp\/v2\/pages\/635\/revisions"}],"predecessor-version":[{"id":1544,"href":"https:\/\/urocompass.de\/index.php?rest_route=\/wp\/v2\/pages\/635\/revisions\/1544"}],"wp:attachment":[{"href":"https:\/\/urocompass.de\/index.php?rest_route=%2Fwp%2Fv2%2Fmedia&parent=635"}],"curies":[{"name":"wp","href":"https:\/\/api.w.org\/{rel}","templated":true}]}}