{"id":438,"date":"2025-03-31T10:51:01","date_gmt":"2025-03-31T08:51:01","guid":{"rendered":"https:\/\/urocompas.agenturmcs.com\/?page_id=438"},"modified":"2025-11-06T10:49:48","modified_gmt":"2025-11-06T09:49:48","slug":"impressum","status":"publish","type":"page","link":"https:\/\/urocompass.de\/?page_id=438","title":{"rendered":"Impressum"},"content":{"rendered":"\t\t<div data-elementor-type=\"wp-page\" data-elementor-id=\"438\" class=\"elementor elementor-438\">\n\t\t\t\t<div class=\"aux-parallax-section elementor-element elementor-element-061c8a8 e-flex e-con-boxed e-con e-parent\" data-id=\"061c8a8\" data-element_type=\"container\" data-settings=\"{&quot;background_background&quot;:&quot;classic&quot;}\">\n\t\t\t\t\t<div class=\"e-con-inner\">\n\t\t<div class=\"elementor-element elementor-element-1517a46 e-con-full e-flex e-con e-child\" data-id=\"1517a46\" data-element_type=\"container\">\n\t\t\t\t<div class=\"elementor-element elementor-element-6cf1aaf elementor-widget elementor-widget-aux_modern_heading\" data-id=\"6cf1aaf\" data-element_type=\"widget\" data-widget_type=\"aux_modern_heading.default\">\n\t\t\t\t<div class=\"elementor-widget-container\">\n\t\t\t\t\t<section class=\"aux-widget-modern-heading\">\n            <div class=\"aux-widget-inner\"><h1 class=\"aux-modern-heading-primary\"><\/h1><\/div>\n        <\/section>\t\t\t\t<\/div>\n\t\t\t\t<\/div>\n\t\t\t\t<\/div>\n\t\t\t\t\t<\/div>\n\t\t\t\t<\/div>\n\t\t<div class=\"aux-parallax-section elementor-element elementor-element-c33890a e-flex e-con-boxed e-con e-parent\" data-id=\"c33890a\" data-element_type=\"container\">\n\t\t\t\t\t<div class=\"e-con-inner\">\n\t\t\t\t<div class=\"elementor-element elementor-element-2495313 elementor-widget elementor-widget-text-editor\" data-id=\"2495313\" data-element_type=\"widget\" data-widget_type=\"text-editor.default\">\n\t\t\t\t<div class=\"elementor-widget-container\">\n\t\t\t\t\t\t\t\t\t<h4 class=\"font_7 wixui-rich-text__text\"><span class=\"color_15 wixui-rich-text__text\">Angaben gem\u00e4\u00df \u00a7 5 TMG:<\/span><\/h4><p class=\"font_7 wixui-rich-text__text\"><span class=\"color_15 wixui-rich-text__text\">\u00dcBAG Hoch\/Bauch\/Hassler<br class=\"wixui-rich-text__text\" \/>Facharztpraxis f\u00fcr Urologie<br class=\"wixui-rich-text__text\" \/>Reichenberger Str. 3<br class=\"wixui-rich-text__text\" \/>13055 Berlin<\/span><\/p><h4>\u00a0<\/h4><h4 class=\"font_7 wixui-rich-text__text\"><span class=\"color_15 wixui-rich-text__text\">Kontakt:<\/span><\/h4><p class=\"font_7 wixui-rich-text__text\"><span class=\"color_15 wixui-rich-text__text\">Tel: 030\/931158<br \/><\/span><span class=\"color_15 wixui-rich-text__text\">Fax: 030\/9352083<br \/><\/span><span class=\"color_15 wixui-rich-text__text\">E-Mail:\u00a0<a class=\"wixui-rich-text__text\" href=\"mailto:Info@ihre-urologie.de\" data-auto-recognition=\"true\">Info@ihre-urologie.de<\/a><\/span><\/p><h4>\u00a0<\/h4><h4 class=\"font_7 wixui-rich-text__text\"><span class=\"color_15 wixui-rich-text__text\">Aufsichtsbeh\u00f6rde:<\/span><\/h4><p class=\"font_7 wixui-rich-text__text\"><span class=\"color_15 wixui-rich-text__text\">Landesamt f\u00fcr Gesundheit und Soziales<br class=\"wixui-rich-text__text\" \/>Turmstr. 21, 10559 Berlin<\/span><\/p><p class=\"font_7 wixui-rich-text__text\"><span class=\"color_15 wixui-rich-text__text\"><span class=\"wixui-rich-text__text\"><a class=\"wixui-rich-text__text\" href=\"http:\/\/www.berlin.de\/lageso\/\" target=\"_blank\" rel=\"noopener\">http:\/\/www.berlin.de\/lageso\/<\/a><\/span><\/span><\/p><h4>\u00a0<\/h4><h4 class=\"font_7 wixui-rich-text__text\"><span class=\"color_15 wixui-rich-text__text\">Berufsbezeichnung und berufsrechtliche Regelungen<\/span><\/h4><p class=\"font_7 wixui-rich-text__text\"><span class=\"color_15 wixui-rich-text__text\">Berufsbezeichnung: \u00c4rzte<br class=\"wixui-rich-text__text\" \/>Zust\u00e4ndige Kammer: Landes\u00e4rztekammer Berlin<br class=\"wixui-rich-text__text\" \/>Verliehen durch: Deutschland<br class=\"wixui-rich-text__text\" \/>Es gelten folgende berufsrechtliche Regelungen: Landes\u00e4rztekammer Berlin<br class=\"wixui-rich-text__text\" \/>Regelungen einsehbar unter:\u00a0<span class=\"wixui-rich-text__text\"><a class=\"wixui-rich-text__text\" href=\"http:\/\/aerztekammer-berlin.de\/\" target=\"_blank\" rel=\"noopener\">http:\/\/aerztekammer-berlin.de<\/a><\/span><\/span><\/p><p class=\"font_7 wixui-rich-text__text\"><span class=\"color_15 wixui-rich-text__text\">Angaben zur Berufshaftpflichtversicherung<\/span><\/p><p class=\"font_7 wixui-rich-text__text\"><span class=\"color_15 wixui-rich-text__text\">Geltungsraum der Versicherung: Deutschland<\/span><\/p><p class=\"font_7 wixui-rich-text__text\"><span class=\"color_15 wixui-rich-text__text\">Verantwortlich f\u00fcr den Inhalt nach \u00a7 55 Abs. 2 RStV:<\/span><\/p><p class=\"font_7 wixui-rich-text__text\"><span class=\"color_15 wixui-rich-text__text\">BAG Degen\/H\u00f6lzer\/Hoch, Mehrower Allee 22, 12687\u00a0Berlin.<\/span><\/p><h4>\u00a0<\/h4><h4 class=\"font_7 wixui-rich-text__text\"><span class=\"color_15 wixui-rich-text__text\">Streitschlichtung<\/span><\/h4><p class=\"font_7 wixui-rich-text__text\"><span class=\"color_15 wixui-rich-text__text\">Die Europ\u00e4ische Kommission stellt eine Plattform zur Online-Streitbeilegung (OS) bereit:\u00a0<span class=\"wixui-rich-text__text\"><a class=\"wixui-rich-text__text\" href=\"https:\/\/ec.europa.eu\/consumers\/odr\" target=\"_blank\" rel=\"noopener\">https:\/\/ec.europa.eu\/consumers\/odr<\/a><\/span>.<br class=\"wixui-rich-text__text\" \/>Unsere E-Mail-Adresse finden Sie oben im Impressum.<\/span><\/p><p class=\"font_7 wixui-rich-text__text\"><span class=\"color_15 wixui-rich-text__text\">Wir sind nicht bereit oder verpflichtet, an Streitbeilegungsverfahren vor einer Verbraucherschlichtungsstelle teilzunehmen.<\/span><\/p><h4 class=\"font_7 wixui-rich-text__text\"><span class=\"color_15 wixui-rich-text__text\">Haftung f\u00fcr Inhalte<\/span><\/h4><p class=\"font_7 wixui-rich-text__text\"><span class=\"color_15 wixui-rich-text__text\">Als Diensteanbieter sind wir gem\u00e4\u00df \u00a7 7 Abs.1 TMG f\u00fcr eigene Inhalte auf diesen Seiten nach den allgemeinen Gesetzen verantwortlich. Nach \u00a7\u00a7 8 bis 10 TMG sind wir als Diensteanbieter jedoch nicht verpflichtet, \u00fcbermittelte oder gespeicherte fremde Informationen zu \u00fcberwachen oder nach Umst\u00e4nden zu forschen, die auf eine rechtswidrige T\u00e4tigkeit hinweisen.<\/span><\/p><p class=\"font_7 wixui-rich-text__text\"><span class=\"color_15 wixui-rich-text__text\">Verpflichtungen zur Entfernung oder Sperrung der Nutzung von Informationen nach den allgemeinen Gesetzen bleiben hiervon unber\u00fchrt. Eine diesbez\u00fcgliche Haftung ist jedoch erst ab dem Zeitpunkt der Kenntnis einer konkreten Rechtsverletzung m\u00f6glich. Bei Bekanntwerden von entsprechenden Rechtsverletzungen werden wir diese Inhalte umgehend entfernen.<\/span><\/p><h4 class=\"font_7 wixui-rich-text__text\"><span class=\"color_15 wixui-rich-text__text\">Haftung f\u00fcr Links<\/span><\/h4><p class=\"font_7 wixui-rich-text__text\"><span class=\"color_15 wixui-rich-text__text\">Unser Angebot enth\u00e4lt Links zu externen Websites Dritter, auf deren Inhalte wir keinen Einfluss haben. Deshalb k\u00f6nnen wir f\u00fcr diese fremden Inhalte auch keine Gew\u00e4hr \u00fcbernehmen. F\u00fcr die Inhalte der verlinkten Seiten ist stets der jeweilige Anbieter oder Betreiber der Seiten verantwortlich. Die verlinkten Seiten wurden zum Zeitpunkt der Verlinkung auf m\u00f6gliche Rechtsverst\u00f6\u00dfe \u00fcberpr\u00fcft. Rechtswidrige Inhalte waren zum Zeitpunkt der Verlinkung nicht erkennbar.<\/span><\/p><p class=\"font_7 wixui-rich-text__text\"><span class=\"color_15 wixui-rich-text__text\">Eine permanente inhaltliche Kontrolle der verlinkten Seiten ist jedoch ohne konkrete Anhaltspunkte einer Rechtsverletzung nicht zumutbar. Bei Bekanntwerden von Rechtsverletzungen werden wir derartige Links umgehend entfernen.<\/span><\/p><h4 class=\"font_7 wixui-rich-text__text\"><span class=\"color_15 wixui-rich-text__text\">Urheberrecht<\/span><\/h4><p class=\"font_7 wixui-rich-text__text\"><span class=\"color_15 wixui-rich-text__text\">Die durch die Seitenbetreiber erstellten Inhalte und Werke auf diesen Seiten unterliegen dem deutschen Urheberrecht. Die Vervielf\u00e4ltigung, Bearbeitung, Verbreitung und jede Art der Verwertung au\u00dferhalb der Grenzen des Urheberrechtes bed\u00fcrfen der schriftlichen Zustimmung des jeweiligen Autors bzw. Erstellers. Downloads und Kopien dieser Seite sind nur f\u00fcr den privaten, nicht kommerziellen Gebrauch gestattet.<\/span><\/p><p class=\"font_7 wixui-rich-text__text\"><span class=\"color_15 wixui-rich-text__text\">Soweit die Inhalte auf dieser Seite nicht vom Betreiber erstellt wurden, werden die Urheberrechte Dritter beachtet. Insbesondere werden Inhalte Dritter als solche gekennzeichnet. Sollten Sie trotzdem auf eine Urheberrechtsverletzung aufmerksam werden, bitten wir um einen entsprechenden Hinweis. Bei Bekanntwerden von Rechtsverletzungen werden wir derartige Inhalte umgehend entfernen.<\/span><\/p><h4 class=\"font_7 wixui-rich-text__text\"><span class=\"color_15 wixui-rich-text__text\">Haftung f\u00fcr Inhalte<\/span><\/h4><p class=\"font_7 wixui-rich-text__text\"><span class=\"color_15 wixui-rich-text__text\">Als Diensteanbieter sind wir gem\u00e4\u00df \u00a7 7 Abs.1 TMG f\u00fcr eigene Inhalte auf diesen Seiten nach den allgemeinen Gesetzen verantwortlich. Nach \u00a7\u00a7 8 bis 10 TMG sind wir als Diensteanbieter jedoch nicht verpflichtet, \u00fcbermittelte oder gespeicherte fremde Informationen zu \u00fcberwachen oder nach Umst\u00e4nden zu forschen, die auf eine rechtswidrige T\u00e4tigkeit hinweisen.<\/span><\/p><p class=\"font_7 wixui-rich-text__text\"><span class=\"color_15 wixui-rich-text__text\">Verpflichtungen zur Entfernung oder Sperrung der Nutzung von Informationen nach den allgemeinen Gesetzen bleiben hiervon unber\u00fchrt. Eine diesbez\u00fcgliche Haftung ist jedoch erst ab dem Zeitpunkt der Kenntnis einer konkreten Rechtsverletzung m\u00f6glich. Bei Bekanntwerden von entsprechenden Rechtsverletzungen werden wir diese Inhalte umgehend entfernen.<\/span><\/p><h4 class=\"font_7 wixui-rich-text__text\"><span class=\"color_15 wixui-rich-text__text\">Haftung f\u00fcr Links<\/span><\/h4><p class=\"font_7 wixui-rich-text__text\"><span class=\"color_15 wixui-rich-text__text\">Unser Angebot enth\u00e4lt Links zu externen Websites Dritter, auf deren Inhalte wir keinen Einfluss haben. Deshalb k\u00f6nnen wir f\u00fcr diese fremden Inhalte auch keine Gew\u00e4hr \u00fcbernehmen. F\u00fcr die Inhalte der verlinkten Seiten ist stets der jeweilige Anbieter oder Betreiber der Seiten verantwortlich. Die verlinkten Seiten wurden zum Zeitpunkt der Verlinkung auf m\u00f6gliche Rechtsverst\u00f6\u00dfe \u00fcberpr\u00fcft. Rechtswidrige Inhalte waren zum Zeitpunkt der Verlinkung nicht erkennbar.<\/span><\/p><p class=\"font_7 wixui-rich-text__text\"><span class=\"color_15 wixui-rich-text__text\">Eine permanente inhaltliche Kontrolle der verlinkten Seiten ist jedoch ohne konkrete Anhaltspunkte einer Rechtsverletzung nicht zumutbar. Bei Bekanntwerden von Rechtsverletzungen werden wir derartige Links umgehend entfernen.<\/span><\/p><h4 class=\"font_7 wixui-rich-text__text\"><span class=\"color_15 wixui-rich-text__text\">Urheberrecht<\/span><\/h4><p class=\"font_7 wixui-rich-text__text\"><span class=\"color_15 wixui-rich-text__text\">Die durch die Seitenbetreiber erstellten Inhalte und Werke auf diesen Seiten unterliegen dem deutschen Urheberrecht. Die Vervielf\u00e4ltigung, Bearbeitung, Verbreitung und jede Art der Verwertung au\u00dferhalb der Grenzen des Urheberrechtes bed\u00fcrfen der schriftlichen Zustimmung des jeweiligen Autors bzw. Erstellers. Downloads und Kopien dieser Seite sind nur f\u00fcr den privaten, nicht kommerziellen Gebrauch gestattet.<\/span><\/p><p class=\"font_7 wixui-rich-text__text\"><span class=\"color_15 wixui-rich-text__text\">Soweit die Inhalte auf dieser Seite nicht vom Betreiber erstellt wurden, werden die Urheberrechte Dritter beachtet. Insbesondere werden Inhalte Dritter als solche gekennzeichnet. Sollten Sie trotzdem auf eine Urheberrechtsverletzung aufmerksam werden, bitten wir um einen entsprechenden Hinweis. Bei Bekanntwerden von Rechtsverletzungen werden wir derartige Inhalte umgehend entfernen.<\/span><\/p>\t\t\t\t\t\t\t\t<\/div>\n\t\t\t\t<\/div>\n\t\t\t\t\t<\/div>\n\t\t\t\t<\/div>\n\t\t\t\t<\/div>\n\t\t","protected":false},"excerpt":{"rendered":"<p>Angaben gem\u00e4\u00df \u00a7 5 TMG: \u00dcBAG Hoch\/Bauch\/HasslerFacharztpraxis f\u00fcr UrologieReichenberger Str. 313055 Berlin \u00a0 Kontakt: Tel: 030\/931158Fax: 030\/9352083E-Mail:\u00a0Info@ihre-urologie.de \u00a0 Aufsichtsbeh\u00f6rde: Landesamt f\u00fcr Gesundheit und SozialesTurmstr. 21, 10559 Berlin http:\/\/www.berlin.de\/lageso\/ \u00a0 Berufsbezeichnung und berufsrechtliche Regelungen Berufsbezeichnung: \u00c4rzteZust\u00e4ndige Kammer: Landes\u00e4rztekammer BerlinVerliehen durch: DeutschlandEs gelten folgende berufsrechtliche Regelungen: Landes\u00e4rztekammer BerlinRegelungen einsehbar unter:\u00a0http:\/\/aerztekammer-berlin.de Angaben zur Berufshaftpflichtversicherung Geltungsraum der Versicherung: Deutschland [&hellip;]<\/p>\n","protected":false},"author":2,"featured_media":0,"parent":0,"menu_order":0,"comment_status":"closed","ping_status":"closed","template":"","meta":{"footnotes":""},"class_list":["post-438","page","type-page","status-publish","hentry"],"_links":{"self":[{"href":"https:\/\/urocompass.de\/index.php?rest_route=\/wp\/v2\/pages\/438","targetHints":{"allow":["GET"]}}],"collection":[{"href":"https:\/\/urocompass.de\/index.php?rest_route=\/wp\/v2\/pages"}],"about":[{"href":"https:\/\/urocompass.de\/index.php?rest_route=\/wp\/v2\/types\/page"}],"author":[{"embeddable":true,"href":"https:\/\/urocompass.de\/index.php?rest_route=\/wp\/v2\/users\/2"}],"replies":[{"embeddable":true,"href":"https:\/\/urocompass.de\/index.php?rest_route=%2Fwp%2Fv2%2Fcomments&post=438"}],"version-history":[{"count":16,"href":"https:\/\/urocompass.de\/index.php?rest_route=\/wp\/v2\/pages\/438\/revisions"}],"predecessor-version":[{"id":1553,"href":"https:\/\/urocompass.de\/index.php?rest_route=\/wp\/v2\/pages\/438\/revisions\/1553"}],"wp:attachment":[{"href":"https:\/\/urocompass.de\/index.php?rest_route=%2Fwp%2Fv2%2Fmedia&parent=438"}],"curies":[{"name":"wp","href":"https:\/\/api.w.org\/{rel}","templated":true}]}}