{"id":386,"date":"2025-03-28T16:21:34","date_gmt":"2025-03-28T15:21:34","guid":{"rendered":"https:\/\/urocompas.agenturmcs.com\/?page_id=386"},"modified":"2025-11-06T10:44:36","modified_gmt":"2025-11-06T09:44:36","slug":"prostatakrebs","status":"publish","type":"page","link":"https:\/\/urocompass.de\/?page_id=386","title":{"rendered":"Prostatakrebs"},"content":{"rendered":"\t\t<div data-elementor-type=\"wp-page\" data-elementor-id=\"386\" class=\"elementor elementor-386\">\n\t\t\t\t<div class=\"aux-parallax-section elementor-element elementor-element-acd21ae e-flex e-con-boxed e-con e-parent\" data-id=\"acd21ae\" data-element_type=\"container\" data-settings=\"{&quot;background_background&quot;:&quot;gradient&quot;}\">\n\t\t\t\t\t<div class=\"e-con-inner\">\n\t\t<div class=\"elementor-element elementor-element-83f9909 e-flex e-con-boxed e-con e-child\" data-id=\"83f9909\" data-element_type=\"container\">\n\t\t\t\t\t<div class=\"e-con-inner\">\n\t\t\t\t<div class=\"elementor-element elementor-element-d54d49f elementor-widget elementor-widget-aux_modern_heading\" data-id=\"d54d49f\" data-element_type=\"widget\" data-widget_type=\"aux_modern_heading.default\">\n\t\t\t\t<div class=\"elementor-widget-container\">\n\t\t\t\t\t<section class=\"aux-widget-modern-heading\">\n            <div class=\"aux-widget-inner\"><h1 class=\"aux-modern-heading-primary\">Moderne Prostata&shy;krebs-Behand&shy;lung in Berlin <\/h1><h3 class=\"aux-modern-heading-secondary\"><span class=\"aux-head-before\">Innovative Therapien &amp; Experten<\/span><\/h3><\/div>\n        <\/section>\t\t\t\t<\/div>\n\t\t\t\t<\/div>\n\t\t\t\t\t<\/div>\n\t\t\t\t<\/div>\n\t\t\t\t\t<\/div>\n\t\t\t\t<\/div>\n\t\t<div class=\"aux-parallax-section elementor-element elementor-element-a6cd9e8 e-flex e-con-boxed e-con e-parent\" data-id=\"a6cd9e8\" data-element_type=\"container\">\n\t\t\t\t\t<div class=\"e-con-inner\">\n\t\t<div class=\"elementor-element elementor-element-16901b1 e-con-full e-flex e-con e-child\" data-id=\"16901b1\" data-element_type=\"container\">\n\t\t\t\t<div class=\"elementor-element elementor-element-d86ebba aux-appear-watch-animation aux-fade-in-up-1 elementor-widget elementor-widget-aux_modern_heading\" data-id=\"d86ebba\" data-element_type=\"widget\" data-widget_type=\"aux_modern_heading.default\">\n\t\t\t\t<div class=\"elementor-widget-container\">\n\t\t\t\t\t<section class=\"aux-widget-modern-heading\">\n            <div class=\"aux-widget-inner\"><h3 class=\"aux-modern-heading-primary\">Prostatakrebs Behandlung in Berlin: <\/h3><h1 class=\"aux-modern-heading-secondary\"><span class=\"aux-head-before\">Ihre Gesundheit in besten H\u00e4nden<\/span><\/h1><div class=\"aux-modern-heading-divider\"><\/div><div class=\"aux-modern-heading-description\"><p><span style=\"font-weight: 400\">Prostatakrebs ist die h\u00e4ufigste Krebserkrankung bei M\u00e4nnern<\/span><span style=\"font-weight: 400\">. Eine fr\u00fchzeitige Diagnose und eine individuell abgestimmte Behandlung sind entscheidend f\u00fcr eine erfolgreiche Therapie. Bei UroCompass in Berlin bieten wir Ihnen modernste Diagnose- und Behandlungsmethoden, um die bestm\u00f6glichen Heilungschancen zu gew\u00e4hrleisten.<\/span><\/p><\/div><\/div>\n        <\/section>\t\t\t\t<\/div>\n\t\t\t\t<\/div>\n\t\t\t\t<\/div>\n\t\t\t\t\t<\/div>\n\t\t\t\t<\/div>\n\t\t<div class=\"aux-parallax-section elementor-element elementor-element-22ced6a e-flex e-con-boxed e-con e-parent\" data-id=\"22ced6a\" data-element_type=\"container\">\n\t\t\t\t\t<div class=\"e-con-inner\">\n\t\t<div class=\"elementor-element elementor-element-6fe815d e-con-full e-flex e-con e-child\" data-id=\"6fe815d\" data-element_type=\"container\">\n\t\t\t\t<div class=\"elementor-element elementor-element-85a0c59 aux-appear-watch-animation aux-fade-in-up-1 elementor-widget elementor-widget-aux_modern_heading\" data-id=\"85a0c59\" data-element_type=\"widget\" data-widget_type=\"aux_modern_heading.default\">\n\t\t\t\t<div class=\"elementor-widget-container\">\n\t\t\t\t\t<section class=\"aux-widget-modern-heading\">\n            <div class=\"aux-widget-inner\"><h3 class=\"aux-modern-heading-primary\">Wie hoch sind die Heilungschancen?<\/h3><div class=\"aux-modern-heading-divider\"><\/div><div class=\"aux-modern-heading-description\"><p><span style=\"font-weight: 400\">Dank modernster Therapien sind die Heilungsaussichten bei Prostatakrebs sehr gut, insbesondere wenn die Erkrankung fr\u00fchzeitig erkannt wird. In fr\u00fchen Stadien liegt die <\/span><b>5-Jahres-\u00dcberlebensrate bei \u00fcber 90 %<\/b><span style=\"font-weight: 400\">.<\/span><span style=\"font-weight: 400\"> Unsere enge Zusammenarbeit mit <\/span><b>renommierten Studienzentren<\/b><span style=\"font-weight: 400\"> erm\u00f6glicht unseren Patienten den Zugang zu innovativen Behandlungsmethoden und neuesten Forschungsergebnissen.<\/span><\/p><\/div><\/div>\n        <\/section>\t\t\t\t<\/div>\n\t\t\t\t<\/div>\n\t\t\t\t<\/div>\n\t\t\t\t\t<\/div>\n\t\t\t\t<\/div>\n\t\t<div class=\"aux-parallax-section elementor-element elementor-element-103cb02 e-flex e-con-boxed e-con e-parent\" data-id=\"103cb02\" data-element_type=\"container\">\n\t\t\t\t\t<div class=\"e-con-inner\">\n\t\t<div class=\"elementor-element elementor-element-783da62 e-con-full e-flex e-con e-child\" data-id=\"783da62\" data-element_type=\"container\">\n\t\t\t\t<div class=\"elementor-element elementor-element-f382f13 aux-appear-watch-animation aux-fade-in-up-1 elementor-widget elementor-widget-aux_modern_heading\" data-id=\"f382f13\" data-element_type=\"widget\" data-widget_type=\"aux_modern_heading.default\">\n\t\t\t\t<div class=\"elementor-widget-container\">\n\t\t\t\t\t<section class=\"aux-widget-modern-heading\">\n            <div class=\"aux-widget-inner\"><h3 class=\"aux-modern-heading-primary\">Wie l\u00e4uft die Behandlung von Prostatakrebs ab?<\/h3><div class=\"aux-modern-heading-divider\"><\/div><div class=\"aux-modern-heading-description\"><p><span style=\"font-weight: 400\">Die Wahl der Therapie h\u00e4ngt von verschiedenen Faktoren ab, darunter das Stadium der Erkrankung, das Alter und der allgemeine Gesundheitszustand des Patienten. Unsere erfahrenen Urolog*innen bieten ein breites Spektrum an Behandlungsm\u00f6glichkeiten:<\/span><\/p><\/div><\/div>\n        <\/section>\t\t\t\t<\/div>\n\t\t\t\t<\/div>\n\t\t\t\t<\/div>\n\t\t<div class=\"elementor-element elementor-element-0906b4c aux-appear-watch-animation aux-fade-in-up e-flex e-con-boxed e-con e-child\" data-id=\"0906b4c\" data-element_type=\"container\" data-settings=\"{&quot;background_background&quot;:&quot;classic&quot;}\">\n\t\t\t\t\t<div class=\"e-con-inner\">\n\t\t\t\t<div class=\"elementor-element elementor-element-650a71e aux-shpe-type-rectangle elementor-widget__width-inherit elementor-widget elementor-widget-aux_simple_shape\" data-id=\"650a71e\" data-element_type=\"widget\" data-widget_type=\"aux_simple_shape.default\">\n\t\t\t\t<div class=\"elementor-widget-container\">\n\t\t\t\t\t    <div class=\"aux-widget-container aux-simple-shape-container\">\n        <div class=\"aux-widget-container-inner\">\n            <div class=\"aux-the-shape\"><\/div>\n        <\/div>\n    <\/div>\n    \t\t\t\t<\/div>\n\t\t\t\t<\/div>\n\t\t<div class=\"elementor-element elementor-element-bcbac7a e-con-full e-flex e-con e-child\" data-id=\"bcbac7a\" data-element_type=\"container\">\n\t\t<div class=\"elementor-element elementor-element-7c7a254 e-con-full e-flex e-con e-child\" data-id=\"7c7a254\" data-element_type=\"container\">\n\t\t\t\t<div class=\"elementor-element elementor-element-d961a83 aux-appear-watch-animation aux-fade-in-left-1 elementor-widget elementor-widget-aux_text\" data-id=\"d961a83\" data-element_type=\"widget\" data-widget_type=\"aux_text.default\">\n\t\t\t\t<div class=\"elementor-widget-container\">\n\t\t\t\t\t<section class=\"widget-container aux-widget-text aux-parent-au8c3192f9\">        <div class=\"aux-widget-advanced-text aux-wrap-style-simple aux-ico-pos-top aux-text-center aux-text-resp- aux-text-color-dark aux-text-widget-bg-center  \" >\n        \n                            <div class=\"aux-text-widget-header \"  >\n                        <div class=\"aux-ico-box aux-ico-large aux-img-box aux-ico-shape-rect aux-ico-clear \">\n                                                                <img decoding=\"async\" src=\"https:\/\/urocompass.de\/wp-content\/uploads\/2025\/03\/icon_urology.svg\" class=\"attachment-full size-full\" alt=\"\" \/>                                                    <\/div>\n                <\/div>\n            \n            <div class=\"aux-text-inner aux-text-widget-content\">\n                                <h4 class=\"col-title\">Aktive \u00dcberwachung<\/h4>\n                                <div class=\"widget-content\">\n                                        <p><span style=\"font-weight: 400\">Bei langsam wachsenden Tumoren kann eine engmaschige Kontrolle ausreichen.<\/span><\/p>                <\/div>\n                            <\/div>\n        <\/div>\n                    <div class=\"aux-text-widget-footer\">\n                <div class=\"aux-border-shape-none \">\n                                <\/div>\n            <\/div>\n        \n<\/section><!-- widget-container -->\t\t\t\t<\/div>\n\t\t\t\t<\/div>\n\t\t\t\t<\/div>\n\t\t<div class=\"elementor-element elementor-element-02288f4 e-con-full e-flex e-con e-child\" data-id=\"02288f4\" data-element_type=\"container\">\n\t\t\t\t<div class=\"elementor-element elementor-element-77acd75 aux-appear-watch-animation aux-fade-in-left-1 elementor-widget elementor-widget-aux_text\" data-id=\"77acd75\" data-element_type=\"widget\" data-widget_type=\"aux_text.default\">\n\t\t\t\t<div class=\"elementor-widget-container\">\n\t\t\t\t\t<section class=\"widget-container aux-widget-text aux-parent-au5eaebe0b\">        <div class=\"aux-widget-advanced-text aux-wrap-style-simple aux-ico-pos-top aux-text-center aux-text-resp- aux-text-color-dark aux-text-widget-bg-center  \" >\n        \n                            <div class=\"aux-text-widget-header \"  >\n                        <div class=\"aux-ico-box aux-ico-large aux-img-box aux-ico-shape-rect aux-ico-clear \">\n                                                                <img decoding=\"async\" src=\"https:\/\/urocompass.de\/wp-content\/uploads\/2025\/03\/icon_palliativ.svg\" class=\"attachment-full size-full\" alt=\"\" \/>                                                    <\/div>\n                <\/div>\n            \n            <div class=\"aux-text-inner aux-text-widget-content\">\n                                <h4 class=\"col-title\">Operation (Prostatektomie)<\/h4>\n                                <div class=\"widget-content\">\n                                        <p><span style=\"font-weight: 400\">Entfernung der Prostata, oft minimal-invasiv mittels roboterassistierter Chirurgie.<\/span><\/p>                <\/div>\n                            <\/div>\n        <\/div>\n                    <div class=\"aux-text-widget-footer\">\n                <div class=\"aux-border-shape-none \">\n                                <\/div>\n            <\/div>\n        \n<\/section><!-- widget-container -->\t\t\t\t<\/div>\n\t\t\t\t<\/div>\n\t\t\t\t<\/div>\n\t\t<div class=\"elementor-element elementor-element-ec39473 e-con-full e-flex e-con e-child\" data-id=\"ec39473\" data-element_type=\"container\">\n\t\t\t\t<div class=\"elementor-element elementor-element-72d1abd aux-appear-watch-animation aux-fade-in-left-1 elementor-widget elementor-widget-aux_text\" data-id=\"72d1abd\" data-element_type=\"widget\" data-widget_type=\"aux_text.default\">\n\t\t\t\t<div class=\"elementor-widget-container\">\n\t\t\t\t\t<section class=\"widget-container aux-widget-text aux-parent-au345723e1\">        <div class=\"aux-widget-advanced-text aux-wrap-style-simple aux-ico-pos-top aux-text-center aux-text-resp- aux-text-color-dark aux-text-widget-bg-center  \" >\n        \n                            <div class=\"aux-text-widget-header \"  >\n                        <div class=\"aux-ico-box aux-ico-large aux-img-box aux-ico-shape-rect aux-ico-clear \">\n                                                                <img decoding=\"async\" src=\"https:\/\/urocompass.de\/wp-content\/uploads\/2025\/03\/icon_operation.svg\" class=\"attachment-full size-full\" alt=\"\" \/>                                                    <\/div>\n                <\/div>\n            \n            <div class=\"aux-text-inner aux-text-widget-content\">\n                                <h4 class=\"col-title\">Strahlentherapie<\/h4>\n                                <div class=\"widget-content\">\n                                        <p><span style=\"font-weight: 400\">Pr\u00e4zise Bestrahlung zur gezielten Zerst\u00f6rung von Tumorzellen.<\/span><\/p>                <\/div>\n                            <\/div>\n        <\/div>\n                    <div class=\"aux-text-widget-footer\">\n                <div class=\"aux-border-shape-none \">\n                                <\/div>\n            <\/div>\n        \n<\/section><!-- widget-container -->\t\t\t\t<\/div>\n\t\t\t\t<\/div>\n\t\t\t\t<\/div>\n\t\t<div class=\"elementor-element elementor-element-1cc0e70 e-con-full e-flex e-con e-child\" data-id=\"1cc0e70\" data-element_type=\"container\">\n\t\t\t\t<div class=\"elementor-element elementor-element-ba07e3a aux-appear-watch-animation aux-fade-in-left-1 elementor-widget elementor-widget-aux_text\" data-id=\"ba07e3a\" data-element_type=\"widget\" data-widget_type=\"aux_text.default\">\n\t\t\t\t<div class=\"elementor-widget-container\">\n\t\t\t\t\t<section class=\"widget-container aux-widget-text aux-parent-au2c403110\">        <div class=\"aux-widget-advanced-text aux-wrap-style-simple aux-ico-pos-top aux-text-center aux-text-resp- aux-text-color-dark aux-text-widget-bg-center  \" >\n        \n                            <div class=\"aux-text-widget-header \"  >\n                        <div class=\"aux-ico-box aux-ico-large aux-img-box aux-ico-shape-rect aux-ico-clear \">\n                                                                <img decoding=\"async\" src=\"https:\/\/urocompass.de\/wp-content\/uploads\/2025\/03\/icon_cancer.svg\" class=\"attachment-full size-full\" alt=\"\" \/>                                                    <\/div>\n                <\/div>\n            \n            <div class=\"aux-text-inner aux-text-widget-content\">\n                                <h4 class=\"col-title\">Hormontherapie<\/h4>\n                                <div class=\"widget-content\">\n                                        <p><span style=\"font-weight: 400\">Verlangsamung des Tumorwachstums durch Hormonsuppressiva.<\/span><\/p>                <\/div>\n                            <\/div>\n        <\/div>\n                    <div class=\"aux-text-widget-footer\">\n                <div class=\"aux-border-shape-none \">\n                                <\/div>\n            <\/div>\n        \n<\/section><!-- widget-container -->\t\t\t\t<\/div>\n\t\t\t\t<\/div>\n\t\t\t\t<\/div>\n\t\t<div class=\"elementor-element elementor-element-3807cf3 e-con-full e-flex e-con e-child\" data-id=\"3807cf3\" data-element_type=\"container\">\n\t\t\t\t<div class=\"elementor-element elementor-element-99a5323 aux-appear-watch-animation aux-fade-in-left-1 elementor-widget elementor-widget-aux_text\" data-id=\"99a5323\" data-element_type=\"widget\" data-widget_type=\"aux_text.default\">\n\t\t\t\t<div class=\"elementor-widget-container\">\n\t\t\t\t\t<section class=\"widget-container aux-widget-text aux-parent-aube534641\">        <div class=\"aux-widget-advanced-text aux-wrap-style-simple aux-ico-pos-top aux-text-center aux-text-resp- aux-text-color-dark aux-text-widget-bg-center  \" >\n        \n                            <div class=\"aux-text-widget-header \"  >\n                        <div class=\"aux-ico-box aux-ico-large aux-img-box aux-ico-shape-rect aux-ico-clear \">\n                                                                <img decoding=\"async\" src=\"https:\/\/urocompass.de\/wp-content\/uploads\/2025\/03\/icon_urology.svg\" class=\"attachment-full size-full\" alt=\"\" \/>                                                    <\/div>\n                <\/div>\n            \n            <div class=\"aux-text-inner aux-text-widget-content\">\n                                <h4 class=\"col-title\">Chemotherapie &amp; Immuntherapie<\/h4>\n                                <div class=\"widget-content\">\n                                        <p><span style=\"font-weight: 400\">Einsatz bei fortgeschrittenen Stadien zur Kontrolle der Erkrankung.<\/span><\/p>                <\/div>\n                            <\/div>\n        <\/div>\n                    <div class=\"aux-text-widget-footer\">\n                <div class=\"aux-border-shape-none \">\n                                <\/div>\n            <\/div>\n        \n<\/section><!-- widget-container -->\t\t\t\t<\/div>\n\t\t\t\t<\/div>\n\t\t\t\t<\/div>\n\t\t\t\t<\/div>\n\t\t\t\t\t<\/div>\n\t\t\t\t<\/div>\n\t\t\t\t\t<\/div>\n\t\t\t\t<\/div>\n\t\t<div class=\"aux-parallax-section elementor-element elementor-element-e62e57f e-flex e-con-boxed e-con e-parent\" data-id=\"e62e57f\" data-element_type=\"container\">\n\t\t\t\t\t<div class=\"e-con-inner\">\n\t\t<div class=\"elementor-element elementor-element-61c5afc e-con-full e-flex e-con e-child\" data-id=\"61c5afc\" data-element_type=\"container\">\n\t\t\t\t<div class=\"elementor-element elementor-element-5b686bb aux-appear-watch-animation aux-fade-in-up-1 elementor-widget elementor-widget-aux_modern_heading\" data-id=\"5b686bb\" data-element_type=\"widget\" data-widget_type=\"aux_modern_heading.default\">\n\t\t\t\t<div class=\"elementor-widget-container\">\n\t\t\t\t\t<section class=\"aux-widget-modern-heading\">\n            <div class=\"aux-widget-inner\"><h3 class=\"aux-modern-heading-primary\">Rundum gut versorgt bei UroCompass<\/h3><div class=\"aux-modern-heading-divider\"><\/div><div class=\"aux-modern-heading-description\"><p><span style=\"font-weight: 400\">Unser oberstes Ziel ist es, Ihnen eine erstklassige medizinische Versorgung in einer professionellen, empathischen und vertrauensvollen Umgebung zu bieten. Unser Zentrum f\u00fcr Urologische Onkologie, Palliativmedizin und operative Urologie steht Ihnen an unseren Standorte in Berlin Marzahn und Hohensch\u00f6nhausen mit h\u00f6chster Expertise und modernsten Behandlungsverfahren zur Verf\u00fcgung.<\/span><\/p><p><span style=\"font-weight: 400\">Durch unsere enge Zusammenarbeit mit zahlreichen Studienzentren k\u00f6nnen wir Sie stets auf h\u00f6chstem Niveau behandeln und therapieren.\u00a0<\/span><\/p><p><span style=\"font-weight: 400\">Als erstes Berliner <\/span><b>ASV-Team f\u00fcr urologische Tumorerkrankungen<\/b><span style=\"font-weight: 400\"> bieten wir auch Patienten mit weit fortgeschrittenen Tumorerkrankungen erweiterte Therapiem\u00f6glichkeiten. Unser professionelles und empathisches Team begleitet Sie und Ihre Familie in jeder Phase der Behandlung \u2013 von der Diagnose bis zur Nachsorge.\u00a0<\/span><\/p><p><b>Wir sind f\u00fcr Sie da! Vereinbaren Sie jetzt einen Termin und lassen Sie sich individuell beraten.<\/b><\/p><\/div><\/div>\n        <\/section>\t\t\t\t<\/div>\n\t\t\t\t<\/div>\n\t\t\t\t<\/div>\n\t\t\t\t\t<\/div>\n\t\t\t\t<\/div>\n\t\t\t\t<\/div>\n\t\t","protected":false},"excerpt":{"rendered":"<p>Moderne Prostata&shy;krebs-Behand&shy;lung in Berlin Innovative Therapien &amp; Experten Prostatakrebs Behandlung in Berlin: Ihre Gesundheit in besten H\u00e4nden Prostatakrebs ist die h\u00e4ufigste Krebserkrankung bei M\u00e4nnern. Eine fr\u00fchzeitige Diagnose und eine individuell abgestimmte Behandlung sind entscheidend f\u00fcr eine erfolgreiche Therapie. Bei UroCompass in Berlin bieten wir Ihnen modernste Diagnose- und Behandlungsmethoden, um die bestm\u00f6glichen Heilungschancen zu gew\u00e4hrleisten. [&hellip;]<\/p>\n","protected":false},"author":2,"featured_media":0,"parent":0,"menu_order":0,"comment_status":"closed","ping_status":"closed","template":"templates\/page-builder-content.php","meta":{"footnotes":""},"class_list":["post-386","page","type-page","status-publish","hentry"],"_links":{"self":[{"href":"https:\/\/urocompass.de\/index.php?rest_route=\/wp\/v2\/pages\/386","targetHints":{"allow":["GET"]}}],"collection":[{"href":"https:\/\/urocompass.de\/index.php?rest_route=\/wp\/v2\/pages"}],"about":[{"href":"https:\/\/urocompass.de\/index.php?rest_route=\/wp\/v2\/types\/page"}],"author":[{"embeddable":true,"href":"https:\/\/urocompass.de\/index.php?rest_route=\/wp\/v2\/users\/2"}],"replies":[{"embeddable":true,"href":"https:\/\/urocompass.de\/index.php?rest_route=%2Fwp%2Fv2%2Fcomments&post=386"}],"version-history":[{"count":42,"href":"https:\/\/urocompass.de\/index.php?rest_route=\/wp\/v2\/pages\/386\/revisions"}],"predecessor-version":[{"id":1541,"href":"https:\/\/urocompass.de\/index.php?rest_route=\/wp\/v2\/pages\/386\/revisions\/1541"}],"wp:attachment":[{"href":"https:\/\/urocompass.de\/index.php?rest_route=%2Fwp%2Fv2%2Fmedia&parent=386"}],"curies":[{"name":"wp","href":"https:\/\/api.w.org\/{rel}","templated":true}]}}